{"id":283,"date":"2015-03-04T21:05:35","date_gmt":"2015-03-04T20:05:35","guid":{"rendered":"http:\/\/maennerchor-kollbrunn.ch\/?page_id=283"},"modified":"2025-11-30T14:55:47","modified_gmt":"2025-11-30T13:55:47","slug":"ueber","status":"publish","type":"page","link":"https:\/\/maennerchor-kollbrunn.ch\/?page_id=283","title":{"rendered":"Ueber uns"},"content":{"rendered":"<div id=\"pl-283\"  class=\"panel-layout\" ><div id=\"pg-283-0\"  class=\"panel-grid panel-no-style\" ><div id=\"pgc-283-0-0\"  class=\"panel-grid-cell\" ><div id=\"panel-283-0-0-0\" class=\"so-panel widget widget_black-studio-tinymce widget_black_studio_tinymce panel-first-child\" data-index=\"0\" ><div class=\"textwidget\"><p><b><i>Der M\u00e4nnerchor Kollbrunn<\/i><\/b> besteht seit \u00fcber 150 Jahren. Ueber all diese Zeit wird im Choli gesungen, gefestet, gestritten, geliebt und gehasst, der Verein gelebt eben. Wir treten an S\u00e4ngerfesten und Gottesdiensten, an privaten und lokalen Anl\u00e4ssen, sowie in \u00f6ffentlichen Institutionen auf. Singen ist ehrliche Arbeit, ist live, macht und bereitet Freude. Gerne heissen wir neue S\u00e4ngergsp\u00e4nlis willkommen, damit unser Verein noch lange Jahre stark und selbstbewusst bestehen kann.<\/p>\n<p><b><i>Der Vorstand<\/i><\/b> des M\u00e4nnerchores Kollbrunn pr\u00e4sidiert durch Rolf Gloor und repr\u00e4sentiert durch die restlichen Mitglieder Heinz Sommer, Beat Hebeisen, Ulrich Reichert, Fritz Zesiger und Martin Burkart.<\/p>\n<p>Haben Sie Anregungen, dann nehmen Sie bitte\u00a0<a href=\"&#109;&#x61;&#105;&#x6c;&#116;&#x6f;:&#x70;r&#97;&#x65;&#115;&#x69;&#100;&#x65;n&#x74;&#64;&#109;&#x61;&#101;&#x6e;&#110;&#x65;&#114;&#x63;h&#x6f;r&#45;&#x6b;&#111;&#x6c;&#108;&#x62;r&#x75;n&#110;&#x2e;&#99;&#x68;\">&#x4b;&#x6f;&#x6e;&#x74;&#x61;&#x6b;&#x74;<\/a> auf. Falls Sie mit uns Singen m\u00f6chten, wenden Sie sich ebenfalls an uns oder auch an jedes andere Chormitglied.<\/p>\n<p><b><i>Die Musikalische Leitung<\/i><\/b><\/p>\n<p>Seit Sommer 2025 wird der M\u00e4nnerchor Kollbrunn von Saviano Hauser geleitet. Als Vize-Dirigent amtet Basil Pirijok.<\/p>\n<p>Geselligkeit, Fr\u00f6hlichkeit, Humor und ein gutes Miteinander tragen das ihre dazu bei, dass am Schluss ein wohlklingendes Ganzes entstehen kann.<\/p>\n<p><b><i><strong>150 Jahre gemeinsam singen<\/strong><\/i><\/b><\/p>\n<p>Extra zum 150 j\u00e4hrigen Jubil\u00e4umsfest vom M\u00e4nnerchor Kollbrunn am 3. bis 5. September 2010 wurde die Vereinschronik anschaulich zusammen gestellt. Monatelanges st\u00f6bern in Protokollb\u00fcchern, Zitaten und alten Vereinsunterlagen brachte das 150 j\u00e4hrige Vereinsleben ans Tageslicht.<br \/>\n150 Jahre singen bedeutet viel Geselligkeit, Humor, Heiterkeit, Disziplin, Uebung, Organisation, aber auch Intrigen, Gez\u00e4nke und Streit. Die Geschichte kann nicht l\u00fcckenlos widergespiegelt werden, doch historische Begebenheiten und nicht so wesentliche Ereignisse lassen auf das 150 j\u00e4hrige Bestehen des M\u00e4nnerchor Kollbrunn schliessen.<\/p>\n<p>Durch die Initiative von Schulmeister Bickel haben sich die Kollbrunner M\u00e4nner zum Gesangsverein zusammen geschlossen. Anhand von alten Dorfphotographien aus dem letzten Drittel des 19. Jahrhundert ist zu entnehmen, dass s\u00e4mtliche Ortsans\u00e4ssige dabei gewesen waren. In der heutigen Zeit kaum vorstellbar, aber damals fanden die Gesangsproben jeweils am Sonntagnachmittag statt. Anno 1875 sind die ersten Statuten in deutscher Schrift revidiert worden.<\/p>\n<p><b><i>Aufl\u00f6sung und Neubeginn des M\u00e4nnerchor Kollbrunn<\/i><\/b><\/p>\n<p>Wegen Unstimmigkeiten und schwachen Probenbesuche wurde der Gesangsverein das erste Mal 1879 und das zweite Mal 1889 aufgel\u00f6st. Jeweils kurze Zeit sp\u00e4ter wurde der Verein aber wieder neu gegr\u00fcndet. Fortan verlebten die S\u00e4nger ein geselliges Vereinsleben und nahmen aktiv an verschiedenen Anl\u00e4ssen teil. Am 20. Februar 1898 wurde die Eidgen\u00f6ssische Volksabstimmung zum R\u00fcckkauf der Eisenbahn angenommen. Eine Riesenlast wurde so den armen, hochverschuldeten T\u00f6sstaler Gemeinden erlassen. Der M\u00e4nnerchor umrahmte das historische Ereignis mit ihrem Gesang.<br \/>\nWeiter wahre Begebenheiten lesen Sie in der Vereinschronik des M\u00e4nnerchors welche anl\u00e4sslich der 150 Jahr Feier am 3. bis 5. September 2010 an alle Haushaltungen der Gemeinde Zell verteilt wurde.<\/p>\n<p><small>Bild: Ben Walk<br \/>\n<\/small><\/p>\n<\/div><\/div><div id=\"panel-283-0-0-1\" class=\"widget_text so-panel widget widget_custom_html panel-last-child\" data-index=\"1\" ><h3 class=\"widget-title\">Unser Vorstand<\/h3><div class=\"textwidget custom-html-widget\"><div class=\"tmm tmm_vorstand\"><div class=\"tmm_3_columns tmm_wrap tmm_plugin_f\"><span class=\"tmm_two_containers_tablet\"><\/span><div class=\"tmm_container\"><div class=\"tmm_member\" style=\"border-top:#333333 solid 5px;\"><div class=\"tmm_textblock\"><div class=\"tmm_names\"><span class=\"tmm_fname\">Saviano<\/span> <span class=\"tmm_lname\">Hauser<\/span><\/div><div class=\"tmm_job\">Dirigent<\/div><div class=\"tmm_scblock\"><\/div><\/div><\/div><div class=\"tmm_member\" style=\"border-top:#333333 solid 5px;\"><div class=\"tmm_textblock\"><div class=\"tmm_names\"><span class=\"tmm_fname\">Rolf<\/span> <span class=\"tmm_lname\">Gloor<\/span><\/div><div class=\"tmm_job\">Pr\u00e4sident<\/div><div class=\"tmm_scblock\"><a class=\"tmm_sociallink\" href=\"\" title=\"&#x70;&#x72;&#97;&#101;si&#x64;&#x65;&#x6e;&#116;&#64;m&#x61;&#x65;&#x6e;&#110;&#101;r&#x63;&#x68;&#x6f;&#114;&#45;k&#x6f;&#x6c;&#x6c;&#98;&#114;un&#x6e;&#x2e;&#x63;&#104;\"><img decoding=\"async\" alt=\"&#112;r&#x61;e&#x73;i&#x64;e&#x6e;t&#x40;m&#x61;&#101;&#x6e;&#110;&#x65;&#114;&#x63;&#104;&#x6f;&#114;&#x2d;&#107;&#x6f;&#108;l&#x62;r&#x75;n&#x6e;&#46;&#x63;h\" src=\"https:\/\/maennerchor-kollbrunn.ch\/wp-content\/plugins\/team-members\/inc\/img\/links\/email.png\"\/><\/a><\/div><\/div><\/div><span class=\"tmm_two_containers_tablet\"><\/span><div class=\"tmm_member\" style=\"border-top:#333333 solid 5px;\"><div class=\"tmm_photo tmm_pic_vorstand_2\" style=\"background: url(https:\/\/maennerchor-kollbrunn.ch\/wp-content\/uploads\/DSC_0021.jpg); margin-left: auto; margin-right:auto; background-size:cover !important;\"><\/div><div class=\"tmm_textblock\"><div class=\"tmm_names\"><span class=\"tmm_fname\">Ulrich<\/span> <span class=\"tmm_lname\">Reichert<\/span><\/div><div class=\"tmm_job\">Vize-Pr\u00e4sident und Zeltchef<\/div><div class=\"tmm_scblock\"><\/div><\/div><\/div><\/div><span class=\"tmm_columns_containers_desktop\"><\/span><div class=\"tmm_container\"><div class=\"tmm_member\" style=\"border-top:#333333 solid 5px;\"><div class=\"tmm_photo tmm_pic_vorstand_3\" style=\"background: url(https:\/\/maennerchor-kollbrunn.ch\/wp-content\/uploads\/DSC_0032-1.jpg); margin-left: auto; margin-right:auto; background-size:cover !important;\"><\/div><div class=\"tmm_textblock\"><div class=\"tmm_names\"><span class=\"tmm_fname\">Fritz<\/span> <span class=\"tmm_lname\">Zesiger<\/span><\/div><div class=\"tmm_job\">Aktuar<\/div><div class=\"tmm_scblock\"><\/div><\/div><\/div><span class=\"tmm_two_containers_tablet\"><\/span><div class=\"tmm_member\" style=\"border-top:#333333 solid 5px;\"><div class=\"tmm_photo tmm_pic_vorstand_4\" style=\"background: url(https:\/\/maennerchor-kollbrunn.ch\/wp-content\/uploads\/DSC_0039_Heinz.jpg); margin-left: auto; margin-right:auto; background-size:cover !important;\"><\/div><div class=\"tmm_textblock\"><div class=\"tmm_names\"><span class=\"tmm_fname\">Heinz<\/span> <span class=\"tmm_lname\">Sommer<\/span><\/div><div class=\"tmm_job\">Sekretariat<\/div><div class=\"tmm_scblock\"><\/div><\/div><\/div><div class=\"tmm_member\" style=\"border-top:#333333 solid 5px;\"><div class=\"tmm_photo tmm_pic_vorstand_5\" style=\"background: url(https:\/\/maennerchor-kollbrunn.ch\/wp-content\/uploads\/DSC_1194.jpg); margin-left: auto; margin-right:auto; background-size:cover !important;\"><\/div><div class=\"tmm_textblock\"><div class=\"tmm_names\"><span class=\"tmm_fname\">Beat<\/span> <span class=\"tmm_lname\">Hebeisen<\/span><\/div><div class=\"tmm_job\">Liederkommission<\/div><div class=\"tmm_desc\" style=\"text-align:\"><p>Ich habe einen ganz einfachen Geschmack: Ich bin immer mit dem Besten zufrieden!<\/p><\/div><div class=\"tmm_scblock\"><\/div><\/div><\/div><span class=\"tmm_two_containers_tablet\"><\/span><\/div><span class=\"tmm_columns_containers_desktop\"><\/span><div class=\"tmm_container\"><div class=\"tmm_member\" style=\"border-top:#333333 solid 5px;\"><div class=\"tmm_photo tmm_pic_vorstand_6\" style=\"background: url(https:\/\/maennerchor-kollbrunn.ch\/wp-content\/uploads\/DSC_0035-e1715198767554.jpg); margin-left: auto; margin-right:auto; background-size:cover !important;\"><\/div><div class=\"tmm_textblock\"><div class=\"tmm_names\"><span class=\"tmm_fname\">Martin<\/span> <span class=\"tmm_lname\">Burkart<\/span><\/div><div class=\"tmm_job\">Kassier<\/div><div class=\"tmm_scblock\"><\/div><\/div><\/div><div style=\"clear:both;\"><\/div><\/div><\/div><\/div><\/div><\/div><\/div><\/div><\/div>","protected":false},"excerpt":{"rendered":"<p>Der M\u00e4nnerchor Kollbrunn besteht seit \u00fcber 150 Jahren. Ueber all diese Zeit wird im Choli gesungen, gefestet, gestritten, geliebt und gehasst, der Verein gelebt eben. Wir treten an S\u00e4ngerfesten und [&hellip;]<\/p>\n","protected":false},"author":1,"featured_media":2475,"parent":0,"menu_order":0,"comment_status":"closed","ping_status":"closed","template":"page_fullwidth.php","meta":{"footnotes":""},"class_list":["post-283","page","type-page","status-publish","has-post-thumbnail","hentry"],"_links":{"self":[{"href":"https:\/\/maennerchor-kollbrunn.ch\/index.php?rest_route=\/wp\/v2\/pages\/283","targetHints":{"allow":["GET"]}}],"collection":[{"href":"https:\/\/maennerchor-kollbrunn.ch\/index.php?rest_route=\/wp\/v2\/pages"}],"about":[{"href":"https:\/\/maennerchor-kollbrunn.ch\/index.php?rest_route=\/wp\/v2\/types\/page"}],"author":[{"embeddable":true,"href":"https:\/\/maennerchor-kollbrunn.ch\/index.php?rest_route=\/wp\/v2\/users\/1"}],"replies":[{"embeddable":true,"href":"https:\/\/maennerchor-kollbrunn.ch\/index.php?rest_route=%2Fwp%2Fv2%2Fcomments&post=283"}],"version-history":[{"count":40,"href":"https:\/\/maennerchor-kollbrunn.ch\/index.php?rest_route=\/wp\/v2\/pages\/283\/revisions"}],"predecessor-version":[{"id":2647,"href":"https:\/\/maennerchor-kollbrunn.ch\/index.php?rest_route=\/wp\/v2\/pages\/283\/revisions\/2647"}],"wp:featuredmedia":[{"embeddable":true,"href":"https:\/\/maennerchor-kollbrunn.ch\/index.php?rest_route=\/wp\/v2\/media\/2475"}],"wp:attachment":[{"href":"https:\/\/maennerchor-kollbrunn.ch\/index.php?rest_route=%2Fwp%2Fv2%2Fmedia&parent=283"}],"curies":[{"name":"wp","href":"https:\/\/api.w.org\/{rel}","templated":true}]}}