{"id":137,"date":"2015-01-26T21:39:23","date_gmt":"2015-01-26T20:39:23","guid":{"rendered":"http:\/\/localhost\/wordpress\/?page_id=137"},"modified":"2015-02-22T11:03:07","modified_gmt":"2015-02-22T10:03:07","slug":"unterstuetzung","status":"publish","type":"page","link":"https:\/\/maennerchor-kollbrunn.ch\/?page_id=137","title":{"rendered":"MCK unterst\u00fctzen?"},"content":{"rendered":"<p>Wie jeder andere Verein ist auch der M\u00e4nnerchor Kollbrunn auf finanzielle Unterst\u00fctzung von Sponsoren angewiesen. Der M\u00e4nnerchor Kollbrunn darf gl\u00fccklicherweise auf solch grossz\u00fcgige Sponsoren z\u00e4hlen. Es ist in der heutigen Zeit nicht selbstverst\u00e4ndlich, dass Firmen oder Personen finanzielle Unterst\u00fctzung an die Vereine leisten.<\/p>\n<p><strong>Herzlichen Dank!<\/strong><\/p>\n<p>Dieser Dank geht speziell an die Sponsoren, welche uns jeweils bei unseren Anl\u00e4ssen grossz\u00fcgig unterst\u00fctzen.<\/p>\n<p>Zudem m\u00f6chten wir all unseren <b>G\u00f6nnern <\/b>und<b> Passivmitgliedern<\/b> , welche uns jedes Jahr durch die Einzahlung der Beitr\u00e4ge das Vertrauen und das Wohlwollen entgegenbringen, ebenso <b>ein Dankesch\u00f6n<\/b> aussprechen.<\/p>\n<p>Falls Sie noch nicht G\u00f6nner oder Passivmitglied sind, nehmen Sie mit uns Kontakt auf.<\/p>\n","protected":false},"excerpt":{"rendered":"<p>Wie jeder andere Verein ist auch der M\u00e4nnerchor Kollbrunn auf finanzielle Unterst\u00fctzung von Sponsoren angewiesen. Der M\u00e4nnerchor Kollbrunn darf gl\u00fccklicherweise auf solch grossz\u00fcgige Sponsoren z\u00e4hlen. Es ist in der heutigen [&hellip;]<\/p>\n","protected":false},"author":1,"featured_media":0,"parent":0,"menu_order":0,"comment_status":"closed","ping_status":"closed","template":"","meta":{"footnotes":""},"class_list":["post-137","page","type-page","status-publish","hentry"],"_links":{"self":[{"href":"https:\/\/maennerchor-kollbrunn.ch\/index.php?rest_route=\/wp\/v2\/pages\/137","targetHints":{"allow":["GET"]}}],"collection":[{"href":"https:\/\/maennerchor-kollbrunn.ch\/index.php?rest_route=\/wp\/v2\/pages"}],"about":[{"href":"https:\/\/maennerchor-kollbrunn.ch\/index.php?rest_route=\/wp\/v2\/types\/page"}],"author":[{"embeddable":true,"href":"https:\/\/maennerchor-kollbrunn.ch\/index.php?rest_route=\/wp\/v2\/users\/1"}],"replies":[{"embeddable":true,"href":"https:\/\/maennerchor-kollbrunn.ch\/index.php?rest_route=%2Fwp%2Fv2%2Fcomments&post=137"}],"version-history":[{"count":1,"href":"https:\/\/maennerchor-kollbrunn.ch\/index.php?rest_route=\/wp\/v2\/pages\/137\/revisions"}],"predecessor-version":[{"id":218,"href":"https:\/\/maennerchor-kollbrunn.ch\/index.php?rest_route=\/wp\/v2\/pages\/137\/revisions\/218"}],"wp:attachment":[{"href":"https:\/\/maennerchor-kollbrunn.ch\/index.php?rest_route=%2Fwp%2Fv2%2Fmedia&parent=137"}],"curies":[{"name":"wp","href":"https:\/\/api.w.org\/{rel}","templated":true}]}}