{"id":12,"date":"2015-01-25T10:05:00","date_gmt":"2015-01-25T10:05:00","guid":{"rendered":"http:\/\/localhost\/wordpress\/?page_id=11"},"modified":"2022-03-23T21:44:54","modified_gmt":"2022-03-23T20:44:54","slug":"neumitglied","status":"publish","type":"page","link":"https:\/\/maennerchor-kollbrunn.ch\/?page_id=12","title":{"rendered":"Neumitglied?"},"content":{"rendered":"<p><b>Acht Fragen warten auf Ihre Antwort:<\/b><\/p>\n<p><b><br \/>\n1. <\/b>Singen Sie manchmal in der Badewanne?<br \/>\n<b>2.<\/b> Wussten Sie, dass eine Stunde singen 500 Kalorien abbaut?<br \/>\n<b>3. <\/b>Sind Sie ein Mann, der hin und wieder herzlich lachen kann?<br \/>\n<b>4.<\/b> Wussten Sie, dass fr\u00f6hliches Singen Herz und Kreislauf anregt?<br \/>\n<b>5.<\/b> F\u00fchlen Sie sich wohl im Kreise Gleichgesinnter und k\u00f6nnen Sie dabei die Zeit vergessen?<br \/>\n<b>6.<\/b> K\u00f6nnen Sie vom Alltagsstress nur schwer Abstand gewinnen?<br \/>\n<b>7.<\/b> Suchen Sie ein Hobby, mit dem Sie Ihre Partnerin und Ihre Kinder immer wieder erfreuen k\u00f6nnen?<br \/>\n<b>8.<\/b> K\u00f6nnen Sie Ihre Partnerin veranlassen, Sie bei Chorveranstaltungen zu begleiten?<\/p>\n<p>Finden Sie f\u00fcr Ihre versteckte musikalische Begabung in Ihrem Bekanntenkreis nur wenig Verst\u00e4ndnis?<\/p>\n<p>Haben Sie einmal davon getr\u00e4umt, auf der B\u00fchne zu stehen und den Beifall eines begeisterten Publikums zu h\u00f6ren?<\/p>\n<p>Wenn Sie <b>vier Fragen bejahen<\/b> k\u00f6nnen, so haben Sie unseren <b>S\u00e4ngertest bereits bestanden<\/b>.<br \/>\nSie sind ein hoffnungsvoller Typ und werden keine Schwierigkeiten haben, sich bei uns zurechtzufinden.<\/p>\n<p>Bei <b>sieben bis acht positiv beantworteten Fragen<\/b> sind Sie ein <b>absoluter Gewinn f\u00fcr uns<\/b> und Sie w\u00fcrden mit Beifall aufgenommen.<\/p>\n<p>Haben Sie dar\u00fcber hinaus noch Sinn f\u00fcr das kulturelle und soziale Leben in unserem Dorf, so ist es fast unverantwortlich, wenn Sie nicht bei uns mitsingen.<\/p>\n<p>Sollten Sie aber alle Fragen mit nein beantwortet haben, dann bleibt noch die M\u00f6glichkeit, den Chor als G\u00f6nner oder Passivmitglied zu f\u00f6rdern.<\/p>\n<p>Im \u00fcbrigen: <b>Keine Vorkenntnisse notwendig<\/b> &#8211; singen bringt Ihnen gerne unser hervorragendet Dirigent Bazil Pirijol bei.<br \/>\nSie k\u00f6nnen sich uns unbelastet und frei von Hemmungen anschliessen. Und hat man erst den Weg zu uns gefunden (so geht es den meisten neuen S\u00e4ngern),<br \/>\ndann bereut man es, nicht schon fr\u00fcher den ersten Schritt unternommen zu haben.<\/p>\n<p>Fragen Sie uns unverbindlich <a href=\"ma&#105;&#108;&#116;&#111;&#x3a;&#x69;&#x6e;&#x66;&#x6f;&#64;m&#97;&#101;&#110;&#110;&#x65;&#x72;&#x63;&#x68;&#x6f;r-&#107;&#111;&#108;&#108;&#x62;&#x72;&#x75;&#x6e;&#x6e;&#46;ch\">unseren Pr\u00e4sidenten<\/a> oder besuchen Sie eine Schnupperprobe bei uns. Donnerstags, Treffpunkt 19.50 Uhr, Primarschulhaus, Kollbrunn (ausser in den Schulferien).<\/p>\n","protected":false},"excerpt":{"rendered":"<p>Acht Fragen warten auf Ihre Antwort: 1. Singen Sie manchmal in der Badewanne? 2. Wussten Sie, dass eine Stunde singen 500 Kalorien abbaut? 3. Sind Sie ein Mann, der hin [&hellip;]<\/p>\n","protected":false},"author":1,"featured_media":0,"parent":0,"menu_order":0,"comment_status":"closed","ping_status":"closed","template":"","meta":{"footnotes":""},"class_list":["post-12","page","type-page","status-publish","hentry"],"_links":{"self":[{"href":"https:\/\/maennerchor-kollbrunn.ch\/index.php?rest_route=\/wp\/v2\/pages\/12","targetHints":{"allow":["GET"]}}],"collection":[{"href":"https:\/\/maennerchor-kollbrunn.ch\/index.php?rest_route=\/wp\/v2\/pages"}],"about":[{"href":"https:\/\/maennerchor-kollbrunn.ch\/index.php?rest_route=\/wp\/v2\/types\/page"}],"author":[{"embeddable":true,"href":"https:\/\/maennerchor-kollbrunn.ch\/index.php?rest_route=\/wp\/v2\/users\/1"}],"replies":[{"embeddable":true,"href":"https:\/\/maennerchor-kollbrunn.ch\/index.php?rest_route=%2Fwp%2Fv2%2Fcomments&post=12"}],"version-history":[{"count":3,"href":"https:\/\/maennerchor-kollbrunn.ch\/index.php?rest_route=\/wp\/v2\/pages\/12\/revisions"}],"predecessor-version":[{"id":2135,"href":"https:\/\/maennerchor-kollbrunn.ch\/index.php?rest_route=\/wp\/v2\/pages\/12\/revisions\/2135"}],"wp:attachment":[{"href":"https:\/\/maennerchor-kollbrunn.ch\/index.php?rest_route=%2Fwp%2Fv2%2Fmedia&parent=12"}],"curies":[{"name":"wp","href":"https:\/\/api.w.org\/{rel}","templated":true}]}}